{"id":4305,"date":"2024-05-20T16:29:23","date_gmt":"2024-05-20T16:29:23","guid":{"rendered":"https:\/\/dose-2-weightsyringe.com\/recomendaciones-de-la-fda\/"},"modified":"2026-04-22T01:26:21","modified_gmt":"2026-04-22T01:26:21","slug":"recomendaciones-de-la-fda","status":"publish","type":"page","link":"https:\/\/dose-2-weightsyringe.com\/es\/recomendaciones-de-la-fda\/","title":{"rendered":"Recomendaciones de la FDA"},"content":{"rendered":"\t\t<div data-elementor-type=\"wp-page\" data-elementor-id=\"4305\" class=\"elementor elementor-4305 elementor-3602\">\n\t\t\t\t<div class=\"elementor-element elementor-element-96f4aaa e-flex e-con-boxed e-con e-parent\" data-id=\"96f4aaa\" data-element_type=\"container\" data-e-type=\"container\">\r\n\t\t\t\t\t<div class=\"e-con-inner\">\r\n\t\t\t\t<div class=\"elementor-element elementor-element-8224da9 elementor-widget elementor-widget-heading\" data-id=\"8224da9\" data-element_type=\"widget\" data-e-type=\"widget\" data-widget_type=\"heading.default\">\n\t\t\t\t<div class=\"elementor-widget-container\">\n\t\t\t\t\t<h2 class=\"elementor-heading-title elementor-size-default\">Nuestra misi\u00f3n es proporcionar el m\u00e1s alto nivel de atenci\u00f3n para la administraci\u00f3n de medicamentos pedi\u00e1tricos<\/h2>\t\t\t\t<\/div>\n\t\t\t\t<\/div>\n\t\t\t\t\t<\/div>\n\t\t\t\t<\/div>\n\t\t<div class=\"elementor-element elementor-element-117b1a1 e-grid e-con-full e-con e-parent\" data-id=\"117b1a1\" data-element_type=\"container\" data-e-type=\"container\">\r\n\t\t\t\t<div class=\"elementor-element elementor-element-1c87a42 elementor-widget elementor-widget-porto_info_box\" data-id=\"1c87a42\" data-element_type=\"widget\" data-e-type=\"widget\" data-widget_type=\"porto_info_box.default\">\n\t\t\t\t<div class=\"elementor-widget-container\">\n\t\t\t\t\t<div class=\"porto-sicon-box style_1 top-icon\"><div class=\"porto-sicon-header\"><h3 class=\"porto-sicon-title\" style=\"\">Recomendaciones del Consejo Asesor de la FDA para la dosificaci\u00f3n del paracetamol infantil de un solo ingrediente y datos r\u00e1pidos sobre el paracetamol  <\/h3><\/div> <!-- header --><div class=\"porto-sicon-description\" style=\"\" ><a class=\"porto-sicon-read xx\" href=\"https:\/\/dose-2-weightsyringe.com\/es\/?page_id=4302\">Sigue leyendo<span>&nbsp;&raquo;<\/span><\/a><\/div> <!-- description --><\/div><!-- porto-sicon-box -->\t\t\t\t<\/div>\n\t\t\t\t<\/div>\n\t\t\t\t<div class=\"elementor-element elementor-element-3d0fd3c elementor-widget elementor-widget-porto_info_box\" data-id=\"3d0fd3c\" data-element_type=\"widget\" data-e-type=\"widget\" data-widget_type=\"porto_info_box.default\">\n\t\t\t\t<div class=\"elementor-widget-container\">\n\t\t\t\t\t<div class=\"porto-sicon-box style_1 top-icon\"><div class=\"porto-sicon-header\"><h3 class=\"porto-sicon-title\" style=\"\">Petici\u00f3n ciudadana a la FDA<br> 2020<\/h3><\/div> <!-- header --><div class=\"porto-sicon-description\" style=\"\" ><p><em>\"El peticionario solicita a la FDA que modifique el esquema de dosificaci\u00f3n y las instrucciones de uso de Children's OTC Single Ingredient Acetaminophen para el grupo de edad de 2 a menos de 4 a\u00f1os, tal como se publicaron en el TFM de 1988\".  <\/em><\/p><a class=\"porto-sicon-read xx\" href=\"https:\/\/dose-2-weightsyringe.com\/wp-content\/uploads\/2025\/01\/Citizens-Petition_US-Food-and-Drug-Administration_11-21-2020_Final_Sent.pdf\" target=\"_blank\" rel=\"noopener noreferrer\">Sigue leyendo<span>&nbsp;&raquo;<\/span><\/a><\/div> <!-- description --><\/div><!-- porto-sicon-box -->\t\t\t\t<\/div>\n\t\t\t\t<\/div>\n\t\t\t\t<div class=\"elementor-element elementor-element-d6aeb05 elementor-widget elementor-widget-porto_info_box\" data-id=\"d6aeb05\" data-element_type=\"widget\" data-e-type=\"widget\" data-widget_type=\"porto_info_box.default\">\n\t\t\t\t<div class=\"elementor-widget-container\">\n\t\t\t\t\t<div class=\"porto-sicon-box style_1 top-icon\"><div class=\"porto-sicon-header\"><h3 class=\"porto-sicon-title\" style=\"\">Petici\u00f3n ciudadana de la FDA Respuesta de la FDA 2021<\/h3><\/div> <!-- header --><div class=\"porto-sicon-description\" style=\"\" ><p><em>\"La FDA no ha podido tomar una decisi\u00f3n sobre tu petici\u00f3n porque plantea cuestiones complejas que requieren una amplia revisi\u00f3n y an\u00e1lisis por parte de la Agencia<\/em> <em>funcionarios. Responderemos a tu petici\u00f3n en cuanto hayamos tomado una decisi\u00f3n\".<\/em><\/p><a class=\"porto-sicon-read xx\" href=\"https:\/\/dose-2-weightsyringe.com\/wp-content\/uploads\/2025\/01\/Citizens-Petition-1st-Response-2021.pdf\" target=\"_blank\" rel=\"noopener noreferrer\">Sigue leyendo<span>&nbsp;&raquo;<\/span><\/a><\/div> <!-- description --><\/div><!-- porto-sicon-box -->\t\t\t\t<\/div>\n\t\t\t\t<\/div>\n\t\t\t\t<div class=\"elementor-element elementor-element-59f9abe elementor-widget elementor-widget-porto_info_box\" data-id=\"59f9abe\" data-element_type=\"widget\" data-e-type=\"widget\" data-widget_type=\"porto_info_box.default\">\n\t\t\t\t<div class=\"elementor-widget-container\">\n\t\t\t\t\t<div class=\"porto-sicon-box style_1 top-icon\"><div class=\"porto-sicon-header\"><h3 class=\"porto-sicon-title\" style=\"\">Respuesta de los ciudadanos a la respuesta 2021 de la FDA  <\/h3><\/div> <!-- header --><div class=\"porto-sicon-description\" style=\"\" ><p><em>\"El peticionario solicita urgentemente que la Agencia tome medidas inmediatas para cumplir y aplicar las recomendaciones de dosificaci\u00f3n de la propia junta consultiva designada por la Agencia y para hacer cumplir juiciosamente la Sec.502(a)[21 U.S.C.] de la Ley FD&amp;C de EE.UU.\".  <\/em><\/p><a class=\"porto-sicon-read xx\" href=\"https:\/\/dose-2-weightsyringe.com\/wp-content\/uploads\/2025\/01\/Citizens-Petition-Response_CC_Mr.-Xavier-Becerra_1-25-2023.pdf\" target=\"_blank\" rel=\"noopener noreferrer\">Sigue leyendo<span>&nbsp;&raquo;<\/span><\/a><\/div> <!-- description --><\/div><!-- porto-sicon-box -->\t\t\t\t<\/div>\n\t\t\t\t<\/div>\n\t\t\t\t<div class=\"elementor-element elementor-element-57845f4 elementor-widget elementor-widget-porto_info_box\" data-id=\"57845f4\" data-element_type=\"widget\" data-e-type=\"widget\" data-widget_type=\"porto_info_box.default\">\n\t\t\t\t<div class=\"elementor-widget-container\">\n\t\t\t\t\t<div class=\"porto-sicon-box style_1 top-icon\"><div class=\"porto-sicon-header\"><h3 class=\"porto-sicon-title\" style=\"\">Petici\u00f3n ciudadana a la FDA<br>2024  <\/h3><\/div> <!-- header --><div class=\"porto-sicon-description\" style=\"\" ><p> <em>\"El peticionario solicita a la FDA que emita un aviso de cumplimiento y publique una declaraci\u00f3n de cumplimiento que exija la eliminaci\u00f3n y el uso posterior del etiquetado y las instrucciones espec\u00edficas de todos los productos de venta libre (OTC) de acetaminofeno de un solo ingrediente para lactantes de 2 a 3 a\u00f1os de edad y de 24 a 35 libras\".<\/em><\/p><a class=\"porto-sicon-read xx\" href=\"https:\/\/dose-2-weightsyringe.com\/wp-content\/uploads\/2025\/01\/Citizen-Petition_4-24-24.pdf\" target=\"_blank\" rel=\"noopener noreferrer\">Sigue leyendo<span>&nbsp;&raquo;<\/span><\/a><\/div> <!-- description --><\/div><!-- porto-sicon-box -->\t\t\t\t<\/div>\n\t\t\t\t<\/div>\n\t\t\t\t<div class=\"elementor-element elementor-element-2d91f79 elementor-widget elementor-widget-porto_info_box\" data-id=\"2d91f79\" data-element_type=\"widget\" data-e-type=\"widget\" data-widget_type=\"porto_info_box.default\">\n\t\t\t\t<div class=\"elementor-widget-container\">\n\t\t\t\t\t<div class=\"porto-sicon-box style_1 top-icon\"><div class=\"porto-sicon-header\"><h3 class=\"porto-sicon-title\" style=\"\">Petici\u00f3n ciudadana de la FDA Respuesta de la FDA 2024  <\/h3><\/div> <!-- header --><div class=\"porto-sicon-description\" style=\"\" ><p><em>\"La FDA tiene intenci\u00f3n de emitir una propuesta de orden relacionada con la seguridad sobre la dosificaci\u00f3n del paracetamol pedi\u00e1trico que aborde las dosis de los productos orales de paracetamol pedi\u00e1trico de un solo ingrediente, y propondr\u00e1 a\u00f1adir una dosificaci\u00f3n basada en el peso y la edad para los ni\u00f1os menores de 12 a\u00f1os.\"<\/em><\/p><a class=\"porto-sicon-read xx\" href=\"https:\/\/dose-2-weightsyringe.com\/wp-content\/uploads\/2025\/01\/Citizen-Petition-FDA-Response-9-2024.pdf\" target=\"_blank\" rel=\"noopener noreferrer\">Sigue leyendo<span>&nbsp;&raquo;<\/span><\/a><\/div> <!-- description --><\/div><!-- porto-sicon-box -->\t\t\t\t<\/div>\n\t\t\t\t<\/div>\n\t\t\t\t<div class=\"elementor-element elementor-element-af1e542 elementor-widget elementor-widget-porto_info_box\" data-id=\"af1e542\" data-element_type=\"widget\" data-e-type=\"widget\" data-widget_type=\"porto_info_box.default\">\n\t\t\t\t<div class=\"elementor-widget-container\">\n\t\t\t\t\t<div class=\"porto-sicon-box style_1 top-icon\"><div class=\"porto-sicon-header\"><h3 class=\"porto-sicon-title\" style=\"\">Petici\u00f3n ciudadana FDA 2025<\/h3><\/div> <!-- header --><div class=\"porto-sicon-description\" style=\"\" ><p><em>\"El Peticionario solicita respetuosamente a la FDA que modifique y\/o elimine el etiquetado y las instrucciones espec\u00edficas, expl\u00edcitamente; \"si es posible,<\/em><br><em>utilizar el peso para dosificar\"; de todas las f\u00f3rmulas de medicamentos l\u00edquidos de ingrediente \u00fanico de paracetamol para lactantes de 2-3 a\u00f1os de edad, de 24-35 lb\".<\/em><\/p><a class=\"porto-sicon-read xx\" href=\"https:\/\/dose-2-weightsyringe.com\/wp-content\/uploads\/2025\/11\/US_-FDA_Citizen_Petition_-No.-5-9-17-2025.pdf\" target=\"_blank\" rel=\"noopener noreferrer\">Sigue leyendo<span>&nbsp;&raquo;<\/span><\/a><\/div> <!-- description --><\/div><!-- porto-sicon-box -->\t\t\t\t<\/div>\n\t\t\t\t<\/div>\n\t\t\t\t<\/div>\n\t\t\t\t<\/div>\n\t\t","protected":false},"excerpt":{"rendered":"<p>Nuestra misi\u00f3n es proporcionar el m\u00e1s alto nivel de atenci\u00f3n para la administraci\u00f3n de medicamentos pedi\u00e1tricos Recomendaciones del Consejo Asesor de la FDA para la dosificaci\u00f3n del paracetamol infantil de un solo ingrediente y datos r\u00e1pidos sobre el paracetamol Sigue leyendo&nbsp;&raquo; Petici\u00f3n ciudadana a la FDA 2020 \u00abEl peticionario solicita a la FDA que modifique [&hellip;]<\/p>\n","protected":false},"author":1,"featured_media":0,"parent":0,"menu_order":0,"comment_status":"closed","ping_status":"closed","template":"","meta":{"footnotes":""},"class_list":["post-4305","page","type-page","status-publish","hentry"],"_links":{"self":[{"href":"https:\/\/dose-2-weightsyringe.com\/es\/wp-json\/wp\/v2\/pages\/4305","targetHints":{"allow":["GET"]}}],"collection":[{"href":"https:\/\/dose-2-weightsyringe.com\/es\/wp-json\/wp\/v2\/pages"}],"about":[{"href":"https:\/\/dose-2-weightsyringe.com\/es\/wp-json\/wp\/v2\/types\/page"}],"author":[{"embeddable":true,"href":"https:\/\/dose-2-weightsyringe.com\/es\/wp-json\/wp\/v2\/users\/1"}],"replies":[{"embeddable":true,"href":"https:\/\/dose-2-weightsyringe.com\/es\/wp-json\/wp\/v2\/comments?post=4305"}],"version-history":[{"count":2,"href":"https:\/\/dose-2-weightsyringe.com\/es\/wp-json\/wp\/v2\/pages\/4305\/revisions"}],"predecessor-version":[{"id":4308,"href":"https:\/\/dose-2-weightsyringe.com\/es\/wp-json\/wp\/v2\/pages\/4305\/revisions\/4308"}],"wp:attachment":[{"href":"https:\/\/dose-2-weightsyringe.com\/es\/wp-json\/wp\/v2\/media?parent=4305"}],"curies":[{"name":"wp","href":"https:\/\/api.w.org\/{rel}","templated":true}]}}